{"id":126,"date":"2025-11-04T16:53:22","date_gmt":"2025-11-04T15:53:22","guid":{"rendered":"https:\/\/playball.pl\/?page_id=126"},"modified":"2025-11-04T21:43:53","modified_gmt":"2025-11-04T20:43:53","slug":"playball","status":"publish","type":"page","link":"https:\/\/playball.pl\/","title":{"rendered":"PlayBall"},"content":{"rendered":"\n<div data-block-name=\"woocommerce\/single-product\" data-product-id=\"118\" data-wp-context=\"{&quot;productId&quot;:118,&quot;variationId&quot;:null}\" data-wp-interactive=\"woocommerce\/single-product\" class=\"wp-block-woocommerce-single-product woocommerce\">\n<div class=\"wp-block-columns is-layout-flex wp-container-core-columns-is-layout-28f84493 wp-block-columns-is-layout-flex\">\n<div class=\"wp-block-column is-layout-flow wp-block-column-is-layout-flow\">\n<figure class=\"wp-block-image size-large\"><img loading=\"lazy\" decoding=\"async\" width=\"1024\" height=\"1010\" src=\"https:\/\/playball.pl\/wp-content\/uploads\/2025\/11\/51YzuSf9geL._AC_SL1500_-1024x1010.jpg\" alt=\"\" class=\"wp-image-143\" srcset=\"https:\/\/playball.pl\/wp-content\/uploads\/2025\/11\/51YzuSf9geL._AC_SL1500_-1024x1010.jpg 1024w, https:\/\/playball.pl\/wp-content\/uploads\/2025\/11\/51YzuSf9geL._AC_SL1500_-300x296.jpg 300w, https:\/\/playball.pl\/wp-content\/uploads\/2025\/11\/51YzuSf9geL._AC_SL1500_-768x758.jpg 768w, https:\/\/playball.pl\/wp-content\/uploads\/2025\/11\/51YzuSf9geL._AC_SL1500_-1320x1302.jpg 1320w, https:\/\/playball.pl\/wp-content\/uploads\/2025\/11\/51YzuSf9geL._AC_SL1500_-600x592.jpg 600w, https:\/\/playball.pl\/wp-content\/uploads\/2025\/11\/51YzuSf9geL._AC_SL1500_-100x100.jpg 100w, https:\/\/playball.pl\/wp-content\/uploads\/2025\/11\/51YzuSf9geL._AC_SL1500_.jpg 1500w\" sizes=\"auto, (max-width: 1024px) 100vw, 1024px\" \/><\/figure>\n<\/div>\n\n\n\n<div class=\"wp-block-column is-layout-flow wp-block-column-is-layout-flow\"><h2 class=\"wp-block-post-title\"><a href=\"https:\/\/playball.pl\/?product=playball-magiczna-kula-pelna-wspomnien\" target=\"_self\" >Magiczna kula pe\u0142na wspomnie\u0144<\/a><\/h2>\n\n<div data-block-name=\"woocommerce\/product-price\" data-is-descendent-of-single-product-block=\"true\" class=\"wp-block-woocommerce-product-price\" ><div class=\"wc-block-components-product-price wc-block-grid__product-price  \" style=\"\" >\n\t\t\t\t\t<del aria-hidden=\"true\"><span class=\"woocommerce-Price-amount amount\"><bdi>250,00&nbsp;<span class=\"woocommerce-Price-currencySymbol\">&#122;&#322;<\/span><\/bdi><\/span><\/del> <span class=\"screen-reader-text\">Pierwotna cena wynosi\u0142a: 250,00&nbsp;&#122;&#322;.<\/span><ins aria-hidden=\"true\"><span class=\"woocommerce-Price-amount amount\"><bdi>199,99&nbsp;<span class=\"woocommerce-Price-currencySymbol\">&#122;&#322;<\/span><\/bdi><\/span><\/ins><span class=\"screen-reader-text\">Aktualna cena wynosi: 199,99&nbsp;&#122;&#322;.<\/span>\n\t\t\t\t<\/div><\/div>\n\n\n\n<div data-block-name=\"woocommerce\/add-to-cart-form\" class=\"wp-block-add-to-cart-form wc-block-add-to-cart-form wc-block-add-to-cart-form--input wp-block-woocommerce-add-to-cart-form\" >\n\t\n\t<form class=\"cart\" action=\"https:\/\/playball.pl\/?product=playball-magiczna-kula-pelna-wspomnien\" method=\"post\" enctype='multipart\/form-data'>\n\t\t\n\t\t<div class=\"quantity\">\n\t\t<label class=\"screen-reader-text\" for=\"quantity_69e21af6c8a93\">ilo\u015b\u0107 Magiczna kula pe\u0142na wspomnie\u0144<\/label>\n\t<input\n\t\ttype=\"number\"\n\t\t\t\tid=\"quantity_69e21af6c8a93\"\n\t\tclass=\"input-text qty text\"\n\t\tname=\"quantity\"\n\t\tvalue=\"1\"\n\t\taria-label=\"Ilo\u015b\u0107 produktu\"\n\t\t\t\tmin=\"1\"\n\t\t\t\t\t\t\tstep=\"1\"\n\t\t\tplaceholder=\"\"\n\t\t\tinputmode=\"numeric\"\n\t\t\tautocomplete=\"off\"\n\t\t\t\/>\n\t<\/div>\n\n\t\t<button type=\"submit\" name=\"add-to-cart\" value=\"118\" class=\"single_add_to_cart_button button alt wp-element-button\">Dodaj do koszyka<\/button>\n\n\t\t\t<\/form>\n\n\t\n<\/div>\n\n\n<div data-block-name=\"woocommerce\/product-meta\" class=\"wp-block-woocommerce-product-meta\">\n<div class=\"wp-block-group is-nowrap is-layout-flex wp-container-core-group-is-layout-6c531013 wp-block-group-is-layout-flex\"><\/div>\n<\/div>\n<\/div>\n<\/div>\n<\/div>\n\n\n\n<div class=\"product-alternate-media\" style=\"max-width:1100px; margin:0 auto; font-family:Arial, sans-serif; line-height:1.6; color:#333;\">\n\n  <style>\n    .media-block {\n      display: flex;\n      align-items: center;\n      justify-content: space-between;\n      flex-wrap: wrap;\n      margin-bottom: 60px;\n    }\n    .media-block .video-container,\n    .media-block .text-container {\n      flex: 0 0 48%;\n      max-width: 48%;\n    }\n    .media-block .video-container video {\n      width: 100%;\n      border-radius: 12px;\n      box-shadow: 0 6px 15px rgba(0,0,0,0.2);\n      object-fit: cover;\n    }\n    @media (max-width: 500px) {\n      .media-block {\n        flex-direction: column !important;\n      }\n      \/* Odwracamy kolejno\u015b\u0107 tylko w bloku 2, \u017ceby tekst by\u0142 pod wideo *\/\n      .media-block.block2 {\n        flex-direction: column-reverse !important;\n      }\n      .media-block .video-container,\n      .media-block .text-container {\n        flex: 0 0 100%;\n        max-width: 100%;\n      }\n      .media-block .text-container {\n        padding-left: 0 !important;\n        padding-right: 0 !important;\n        text-align: left !important;\n        margin-top: 15px;\n      }\n      .media-block .video-container {\n        margin-bottom: 15px;\n      }\n    }\n  <\/style>\n\n  <!-- Blok 1: Wideo po lewej, tekst po prawej -->\n\n  <div class=\"media-block\">\n    <div class=\"video-container\">\n      <video autoplay muted loop>\n        <source src=\"http:\/\/playball.pl\/wp-content\/uploads\/2025\/11\/1104.mp4\" type=\"video\/mp4\">\n        Twoja przegl\u0105darka nie obs\u0142uguje wideo.\n      <\/video>\n    <\/div>\n    <div class=\"text-container\" style=\"padding-left:20px;\">\n      <p>Poznaj <strong>PlayBall<\/strong> \ud83c\udfa5\ud83d\udd2e \u2013 magiczn\u0105 kul\u0119, kt\u00f3ra zamienia Twoje wspomnienia w \u017cywe, tr\u00f3jwymiarowe obrazy! Ka\u017cda klatka o\u017cywa przed Twoimi oczami, tworz\u0105c efekt g\u0142\u0119bi 3D bez potrzeby u\u017cywania dodatkowych urz\u0105dze\u0144.<\/p>\n      <p>Dzi\u0119ki <strong>360\u00b0 d\u017awi\u0119kowi przestrzennemu<\/strong> \ud83c\udfa7 i mo\u017cliwo\u015bci personalizacji, PlayBall pozwala Ci doda\u0107 w\u0142asne filmy, zdj\u0119cia i muzyk\u0119 \u2013 aby najpi\u0119kniejsze chwile zawsze by\u0142y z Tob\u0105. Po prostu pod\u0142\u0105cz, w\u0142\u0105cz i daj si\u0119 porwa\u0107 magii obrazu i d\u017awi\u0119ku. \ud83d\udcab<\/p>\n    <\/div>\n  <\/div>\n\n  <!-- Blok 2: Tekst po lewej, wideo po prawej (na telefonie tekst pod wideo) -->\n\n  <div class=\"media-block block2\">\n    <div class=\"text-container\" style=\"padding-right:20px;\">\n      <p><strong>Zanurz si\u0119 w galaktyce emocji<\/strong> \ud83c\udf0c \u2013 zachwycaj\u0105ce wizualizacje, p\u0142ynne przej\u015bcia i krystalicznie czysty d\u017awi\u0119k sprawiaj\u0105, \u017ce ka\u017cda chwila staje si\u0119 wyj\u0105tkowa.<\/p>\n      <p>Przenie\u015b si\u0119 w \u015bwiat <strong>\u015bwietlnych iluzji<\/strong> \u2728 \u2013 PlayBall potrafi tworzy\u0107 realistyczne efekty, kt\u00f3re reaguj\u0105 na muzyk\u0119 i ruch. Wystarczy chwila, by pok\u00f3j zamieni\u0142 si\u0119 w prywatne planetarium.<\/p>\n      <p style=\"font-weight:bold; margin-top:15px;\">PlayBall \u2013 \u015bwiat\u0142o, d\u017awi\u0119k i magia w Twoich r\u0119kach. \ud83c\udf20<\/p>\n    <\/div>\n    <div class=\"video-container\">\n      <video autoplay muted loop>\n        <source src=\"http:\/\/playball.pl\/wp-content\/uploads\/2025\/11\/Video4.mp4\" type=\"video\/mp4\">\n        Twoja przegl\u0105darka nie obs\u0142uguje wideo.\n      <\/video>\n    <\/div>\n  <\/div>\n\n  <!-- Blok 3: Wideo po lewej, tekst po prawej -->\n\n  <div class=\"media-block\">\n    <div class=\"video-container\">\n      <video autoplay muted loop>\n        <source src=\"http:\/\/playball.pl\/wp-content\/uploads\/2025\/11\/Video5.mp4\" type=\"video\/mp4\">\n        Twoja przegl\u0105darka nie obs\u0142uguje wideo.\n      <\/video>\n    <\/div>\n    <div class=\"text-container\" style=\"padding-left:20px;\">\n      <p>Zachowaj <strong>ka\u017cdy moment<\/strong> \ud83c\udf9e\ufe0f \u2013 od \u015bwi\u0105tecznych wspomnie\u0144 po codzienne chwile pe\u0142ne emocji. Dzi\u0119ki PlayBall Twoje nagrania staj\u0105 si\u0119 magiczne i \u017cyj\u0105 w nowej formie.<\/p>\n      <p>Odkryj <strong>nowy spos\u00f3b przechowywania wspomnie\u0144<\/strong> \u2013 w formie ruchomego obrazu, kt\u00f3ry inspiruje, wzrusza i zachwyca. \ud83c\udf08<\/p>\n      <p style=\"font-weight:bold; margin-top:15px;\">PlayBall \u2013 Twoje historie w kuli \u015bwiat\u0142a. \ud83d\udca1<\/p>\n    <\/div>\n  <\/div>\n\n<\/div>\n\n\n\n\n<p><\/p>\n","protected":false},"excerpt":{"rendered":"<p>Twoja przegl\u0105darka nie obs\u0142uguje wideo. Poznaj PlayBall \ud83c\udfa5\ud83d\udd2e \u2013 magiczn\u0105 kul\u0119, kt\u00f3ra zamienia Twoje wspomnienia w \u017cywe, tr\u00f3jwymiarowe obrazy! Ka\u017cda klatka o\u017cywa przed Twoimi oczami, tworz\u0105c efekt g\u0142\u0119bi 3D bez potrzeby u\u017cywania dodatkowych urz\u0105dze\u0144. Dzi\u0119ki 360\u00b0 d\u017awi\u0119kowi przestrzennemu \ud83c\udfa7 i mo\u017cliwo\u015bci personalizacji, PlayBall pozwala Ci doda\u0107 w\u0142asne filmy, zdj\u0119cia i muzyk\u0119 \u2013 aby najpi\u0119kniejsze chwile [&hellip;]<\/p>\n","protected":false},"author":1,"featured_media":0,"parent":0,"menu_order":0,"comment_status":"closed","ping_status":"closed","template":"","meta":{"footnotes":""},"class_list":["post-126","page","type-page","status-publish","hentry"],"jetpack_sharing_enabled":true,"_links":{"self":[{"href":"https:\/\/playball.pl\/index.php?rest_route=\/wp\/v2\/pages\/126","targetHints":{"allow":["GET"]}}],"collection":[{"href":"https:\/\/playball.pl\/index.php?rest_route=\/wp\/v2\/pages"}],"about":[{"href":"https:\/\/playball.pl\/index.php?rest_route=\/wp\/v2\/types\/page"}],"author":[{"embeddable":true,"href":"https:\/\/playball.pl\/index.php?rest_route=\/wp\/v2\/users\/1"}],"replies":[{"embeddable":true,"href":"https:\/\/playball.pl\/index.php?rest_route=%2Fwp%2Fv2%2Fcomments&post=126"}],"version-history":[{"count":9,"href":"https:\/\/playball.pl\/index.php?rest_route=\/wp\/v2\/pages\/126\/revisions"}],"predecessor-version":[{"id":153,"href":"https:\/\/playball.pl\/index.php?rest_route=\/wp\/v2\/pages\/126\/revisions\/153"}],"wp:attachment":[{"href":"https:\/\/playball.pl\/index.php?rest_route=%2Fwp%2Fv2%2Fmedia&parent=126"}],"curies":[{"name":"wp","href":"https:\/\/api.w.org\/{rel}","templated":true}]}}